{"id":4629,"date":"2023-09-26T14:02:20","date_gmt":"2023-09-26T14:02:20","guid":{"rendered":"https:\/\/nuovositoweb.virginiahechtel.it\/?page_id=4629"},"modified":"2026-01-16T17:13:14","modified_gmt":"2026-01-16T17:13:14","slug":"a-family-business","status":"publish","type":"page","link":"https:\/\/coivergroup.it\/en\/a-family-business\/","title":{"rendered":"A family business"},"content":{"rendered":"<section class=\"wpb-content-wrapper\"><div data-vc-full-width=\"true\" data-vc-full-width-init=\"false\" data-vc-stretch-content=\"true\" class=\"vc_row wpb_row vc_row-fluid vc_row-no-padding  margin-xs-30b\"><div class=\"wpb_column vc_column_container vc_col-sm-12 \"><div class=\"vc_column-inner \"><div class=\"wpb_wrapper\">[vc_banner_title color_style=&#8221;light&#8221; subtitle=&#8221;LEADER&#8221; title=&#8221;Valori di famiglia, organizzazione,<br \/>\nsolidit\u00e0 economica e competenza tecnica&#8221; img=&#8221;4078&#8243; enable_overlay=&#8221;true&#8221; enable_fullheight=&#8221;true&#8221; columns=&#8221;%5B%7B%7D%5D&#8221;][\/vc_banner_title]<\/div><\/div><\/div><\/div><div class=\"vc_row-full-width vc_clearfix\"><\/div><div class=\"vc_row wpb_row vc_row-fluid vc_row-o-content-top vc_row-flex  margin-lg-0t margin-xs-50b\"><div class=\"wpb_column vc_column_container vc_col-sm-12 vc_col-lg-6 vc_col-md-6 vc_col-xs-12  margin-lg-65t margin-sm-0t margin-xs-50t\"><div class=\"vc_column-inner \"><div class=\"wpb_wrapper\">[vc_headings title=&#8221;Costruire (nel presente) con passione e visione (del futuro) sulle radici del nostro passato.&#8221; subtitle=&#8221;A FAMILY BUSINESS&#8221; el_class=&#8221;business&#8221;][\/vc_headings]<\/div><\/div><\/div><div class=\"wpb_column vc_column_container vc_col-sm-12 vc_col-lg-6 vc_col-md-6 vc_col-xs-12  margin-lg-0t margin-sm-20t\"><div class=\"vc_column-inner \"><div class=\"wpb_wrapper\">[vc_team team_style=&#8221;simple&#8221; image=&#8221;6627&#8243;]<\/div><\/div><\/div><\/div><div class=\"vc_row wpb_row vc_row-fluid  margin-xs-50b\"><div class=\"wpb_column vc_column_container vc_col-sm-12 \"><div class=\"vc_column-inner \"><div class=\"wpb_wrapper\">[vc_headings el_class=&#8221;business&#8221;]<\/p>\n<p class=\"p1\">I valori fondativi promossi dalla famiglia Di Bartolo allo staff, una struttura organizzativa sviluppata negli anni (sempre in crescita e solida finanziariamente, in grado di resistere, rafforzandosi, a tutte le crisi economiche e pandemiche), <i>know-how<\/i> acquisiti ed <i>expertise<\/i> maturate in quasi 50 anni di attivit\u00e0, diversificazione del <i>business<\/i> sia in verticale (tipologia di clientela, clienti finali, General Contractors, Design &amp; Builder, Tenant) sia in orizzontale (asset class e tipologia di lavorazioni, in ambito Privato e Pubblico, eseguite dalle diverse societ\u00e0 facenti parte del gruppo), visione negli investimenti nel settore tecnologico costruttivo a secco (anticiclico), sinergia operativa tra le <i>business unit<\/i>, copertura di tutto il territorio nazionale (dal 2006 il gruppo ha infatti una sede a Roma), coinvolgimento delle figure societarie (<i>direttori tecnici, project manager, designer,<\/i> ecc.) nella compagine societaria e la valorizzazione e crescita dei giovani in azienda sono tra le principali motivazioni del nostro sviluppo costante e caratteristiche che descrivono ci\u00f2 che Coiver Group rappresenta oggi.<\/p>\n<p>[\/vc_headings]<\/div><\/div><\/div><\/div><div data-vc-full-width=\"true\" data-vc-full-width-init=\"false\" data-vc-stretch-content=\"true\" class=\"vc_row wpb_row vc_row-fluid vc_custom_1698933627780 vc_row-has-fill vc_row-no-padding  margin-lg-50t margin-sm-0t margin-sm-0b margin-xs-0t margin-xs-0b\"><div class=\"wpb_column vc_column_container vc_col-sm-12 vc_hidden-sm vc_hidden-xs vc_col-has-fill \"><div class=\"vc_column-inner vc_custom_1716544457683\"><div class=\"wpb_wrapper\">[vc_headings title=&#8221;Industrializziamo i processi di<br \/>\nInterior &amp; Exterior Design&#8221; heading_size=&#8221;h2&#8243; subtitle=&#8221;DALLA PRODUZIONE ALL\u2019INSTALLAZIONE IN CANTIERE&#8221; align=&#8221;Center&#8221;]<\/p>\n<p class=\"p1\">I nostri <i>headquarter<\/i> sono localizzati a Cormano (MI), si estendono per oltre 5.000 mq e si compongono di diversi capannoni multipiano nei quali a piano terra sono situati i magazzini di stoccaggio materiali e le officine produttive (circa 1.000 mq di centri di lavoro per la realizzazione di carpenterie leggere e speciali &#8211; che sostengono i manufatti da noi realizzati in cantiere \u2013 di boiserie, controsoffitti e arredi speciali oltre alle nostre linee di pareti mobili) mentre ai piani superiori sono posizionati gli uffici delle <i>business unit<span class=\"Apple-converted-space\">\u00a0<\/span><\/i> (Ferlegno, Coiver Contract, Coiver Sign &amp; Color e Coiver Cladding), la gestione amministrativa e dei servizi (Cms e Coiver Professional), oltre alla Direzione. Il gruppo ha poi anche una sede a Roma dal 2006 con uffici e aree di stoccaggio materiali.<span class=\"Apple-converted-space\">\u00a0<\/span><\/p>\n<p class=\"p1\">La concentrazione dell\u2019organizzazione aziendale in un unico sito &#8211; in particolare la progettazione (dagli uffici tecnici alle officine), la produzione (dalle officine ai magazzini), la logistica (dai magazzini dello stabilimento produttivo al cantiere) &#8211;<span class=\"Apple-converted-space\">\u00a0 <\/span>consente a Coiver Group di ottimizzare i costi di produzione e di avere un controllo diretto sulla qualit\u00e0 dei processi produttivi, garantendo alla clientela una riduzione dei costi e dei tempi esecutivi nella produzione di elementi edili customizzati in funzione del progetto e perseguendo i pi\u00f9 alti standard qualitativi, in funzione delle esigenze architettoniche, <i>on site<\/i>.<span class=\"Apple-converted-space\">\u00a0<\/span><\/p>\n<p class=\"p1\">\u00c8 grazie a questa visione imprenditoriale che dal 1977 il gruppo opera nei pi\u00f9 importanti e prestigiosi cantieri Pubblici e Privati su tutto il territorio nazionale e anche su grandi progetti all\u2019estero.<\/p>\n<p>[\/vc_headings]<\/div><\/div><\/div><\/div><div class=\"vc_row-full-width vc_clearfix\"><\/div><div class=\"vc_row wpb_row vc_row-fluid  margin-lg-85b margin-xs-30b\"><div class=\"wpb_column vc_column_container vc_col-sm-12 \"><div class=\"vc_column-inner \"><div class=\"wpb_wrapper\">[vc_columns_gallery images=&#8221;5046,5047,5048,5049&#8243;]<\/div><\/div><\/div><\/div><div class=\"vc_row wpb_row vc_row-fluid vc_row-o-content-top vc_row-flex  margin-xs-15t\"><div class=\"wpb_column vc_column_container vc_col-sm-3 vc_col-lg-6 vc_col-md-6 vc_col-xs-12  margin-lg-65t margin-sm-0t\"><div class=\"vc_column-inner \"><div class=\"wpb_wrapper\">[vc_counters image_background=&#8221;3587&#8243; border_size=&#8221;10px&#8221; numbers=&#8221;%5B%7B%22number%22%3A%225%22%2C%22title%22%3A%22BUSINESS%20UNIT%22%7D%2C%7B%22number%22%3A%22220%22%2C%22title%22%3A%22MLN%20DI%20EURO%22%7D%2C%7B%22number%22%3A%22210%22%2C%22title%22%3A%22COIVER%20GROUPERS%22%7D%2C%7B%22number%22%3A%22240%22%2C%22title%22%3A%22CANTIERI%20GESTITI%20NEL%202025%22%7D%5D&#8221;]<\/div><\/div><\/div><div class=\"wpb_column vc_column_container vc_col-sm-9 vc_col-lg-6 vc_col-md-6 vc_col-xs-12 vc_hidden-xs  margin-lg-0t margin-sm-20t\"><div class=\"vc_column-inner \"><div class=\"wpb_wrapper\">[vc_headings title=&#8221;Crescita e dedizione.&#8221; subtitle=&#8221;1977 ANNO DI FONDAZIONE&#8221;]<\/p>\n<p class=\"p1\">Coiver Group nasce nel 1977 e inizia a operare nel settore delle opere civili mediante la societ\u00e0 Coiver Contract Srl (attualmente la pi\u00f9 importante societ\u00e0 del gruppo in termini di fatturato con 126 mln \u20ac prodotto nell\u2019esercizio 2025).<\/p>\n<p class=\"p1\">Nei progetti edili dell\u2019epoca le opere a secco erano un\u2019innovazione tecnologica e un\u2019eccezione (la quasi totalit\u00e0 dei progetti in tutte le asset class venivano infatti realizzati con il metodo costruttivo tradizionale \u201cedilizia bagnata\u201d).<\/p>\n<p>[\/vc_headings]<\/div><\/div><\/div><\/div><div class=\"vc_row wpb_row vc_row-fluid  margin-lg-0t\"><div class=\"wpb_column vc_column_container vc_col-sm-12 vc_hidden-xs \"><div class=\"vc_column-inner \"><div class=\"wpb_wrapper\">[vc_headings el_class=&#8221;business&#8221;]<\/p>\n<p class=\"p1\">L\u2019evoluzione tecnologica nella metodologia progettuale e costruttiva del settore edile (a cui Coiver Group ha certamente partecipato fornendo un contributo proattivo in tutti i progetti che presentavano capitolati con metodi costruttivi tradizionali) e la visione del socio fondatore e del management circa gli investimenti, hanno portato Coiver Group alla realt\u00e0 odierna: 5 societ\u00e0 operative, 210 dipendenti e oltre 240 cantieri gestiti ogni anno: il tutto per un fatturato consolidato complessivo che nel 2025 ha raggiunto i 220 mln di \u20ac.<\/p>\n<p class=\"p1\">Coiver Group \u00e8 una realt\u00e0 che ambisce sempre alla crescita e al miglioramento delle performance e nel 2025 ha l\u2019obiettivo di migliorare i propri numeri, sviluppando sempre pi\u00f9 opportunit\u00e0 commerciali di General Contracting, accrescendo il proprio know-how in ambito Pubblico e nell\u2019asset class dell\u2019hotellerie e penetrando maggiormente i territori di Roma e Firenze, e in generale le cosiddette \u201csecondary location\u201d considerata la capacit\u00e0 di operare su tutto territorio nazionale.<\/p>\n<p>[\/vc_headings]<\/div><\/div><\/div><\/div><div class=\"vc_row wpb_row vc_row-fluid vc_row-o-content-top vc_row-flex\"><div class=\"wpb_column vc_column_container vc_col-sm-3 vc_col-lg-6 vc_hidden-lg vc_col-md-6 vc_hidden-md vc_hidden-sm vc_col-xs-12  margin-lg-65t margin-sm-0t\"><div class=\"vc_column-inner \"><div class=\"wpb_wrapper\"><\/div><\/div><\/div><div class=\"wpb_column vc_column_container vc_col-sm-9 vc_col-lg-6 vc_hidden-lg vc_col-md-6 vc_hidden-md vc_hidden-sm vc_col-xs-12  margin-lg-0t margin-sm-20t\"><div class=\"vc_column-inner \"><div class=\"wpb_wrapper\">[vc_headings title=&#8221;Crescita e dedizione.&#8221; subtitle=&#8221;1977 ANNO DI FONDAZIONE&#8221;]<\/p>\n<p class=\"p1\">Coiver Group nasce nel 1977 e inizia a operare nel settore delle opere civili mediante la societ\u00e0 Coiver Contract Srl (attualmente la pi\u00f9 importante societ\u00e0 del gruppo in termini di fatturato con 126 mln \u20ac prodotto nell\u2019esercizio 2025).<\/p>\n<p>&nbsp;<\/p>\n<p class=\"p1\">Nei progetti edili dell\u2019epoca le opere a secco erano un\u2019innovazione tecnologica e un\u2019eccezione (la quasi totalit\u00e0 dei progetti in tutte le asset class venivano infatti realizzati con il metodo costruttivo tradizionale \u201cedilizia bagnata\u201d).<\/p>\n<p>&nbsp;<\/p>\n<p class=\"p1\">L\u2019evoluzione tecnologica nella metodologia progettuale e costruttiva del settore edile (a cui Coiver Group ha certamente partecipato fornendo un contributo proattivo in tutti i progetti che presentavano capitolati con metodi costruttivi tradizionali) e la visione del socio fondatore e del management circa gli investimenti, hanno portato Coiver Group alla realt\u00e0 odierna: 5 societ\u00e0 operative, 210 dipendenti e oltre 240 cantieri gestiti ogni anno: il tutto per un fatturato consolidato complessivo che nel 2025 ha raggiunto i 220 mln di \u20ac.<\/p>\n<p>&nbsp;<\/p>\n<p class=\"p1\">Coiver Group \u00e8 una realt\u00e0 che ambisce sempre alla crescita e al miglioramento delle performance e nel 2024 ha l\u2019obiettivo di migliorare i propri numeri perseguendo un fatturato consolidato pari a 200 mln di \u20ac, sviluppando sempre pi\u00f9 opportunit\u00e0 commerciali di General Contracting, accrescendo il proprio know-how in ambito Pubblico e nell\u2019asset class dell\u2019hotellerie e penetrando maggiormente i territori di Roma e Firenze, e in generale le cosiddette \u201csecondary location\u201d considerata la capacit\u00e0 di operare su tutto territorio nazionale.<\/p>\n<p>[\/vc_headings]<\/div><\/div><\/div><\/div><div data-vc-full-width=\"true\" data-vc-full-width-init=\"false\" data-vc-stretch-content=\"true\" class=\"vc_row wpb_row vc_row-fluid vc_custom_1695642139645 vc_row-has-fill vc_row-no-padding  margin-lg-65t margin-sm-50t\"><div class=\"wpb_column vc_column_container vc_col-sm-12 \"><div class=\"vc_column-inner \"><div class=\"wpb_wrapper\">[vc_wrapper title=&#8221;Cinque realt\u00e0, una sola anima.&#8221; subtitle=&#8221;BUSINESS UNIT&#8221; color_style=&#8221;light&#8221;]<div class=\"vc_row wpb_row vc_inner vc_row-fluid vc_custom_1698672119258\"><div class=\"wpb_column vc_column_container vc_col-sm-12\"><div class=\"vc_column-inner\"><div class=\"wpb_wrapper\">\n\t<div class=\"wpb_text_column wpb_content_element \" >\n\t\t<div class=\"wpb_wrapper\">\n\t\t\t<p class=\"p1\"><span style=\"color: #ffffff;\"><i>Le aziende che compongono il nostro gruppo, dalla pi\u00f9 storica (Ferlegno, 1966) alla pi\u00f9 recente (Coiver Cladding, 2009).<\/i><\/span><\/p>\n\n\t\t<\/div>\n\t<\/div>\n<\/div><\/div><\/div><\/div><div class=\"vc_row wpb_row vc_inner vc_row-fluid\"><div class=\"wpb_column vc_column_container vc_col-sm-4\"><div class=\"vc_column-inner\"><div class=\"wpb_wrapper\">[vc_services services_style=&#8221;modern&#8221; logo=&#8221;3697&#8243; button=&#8221;url:mailto%3Apreventiviferlegno%40coiver.it|title:Contattaci&#8221; style_button=&#8221;creative&#8221; text=&#8221;Pareti mobili (cristallo, legno e metallo), controsoffitti custom, rivestimenti e arredi speciali.&#8221;]<\/div><\/div><\/div><div class=\"wpb_column vc_column_container vc_col-sm-4\"><div class=\"vc_column-inner\"><div class=\"wpb_wrapper\">[vc_services services_style=&#8221;modern&#8221; logo=&#8221;3041&#8243; button=&#8221;url:mailto%3Aufficiopreventivi%40coiver.it|title:Contattaci&#8221; style_button=&#8221;creative&#8221; text=&#8221;Sistemi costruttivi a secco e sistemi integrati di finiture di interni.&#8221;]<\/div><\/div><\/div><div class=\"wpb_column vc_column_container vc_col-sm-4\"><div class=\"vc_column-inner\"><div class=\"wpb_wrapper\">[vc_services services_style=&#8221;modern&#8221; logo=&#8221;3043&#8243; button=&#8221;url:mailto%3Apreventiviroma%40coiver.it|title:Contattaci&#8221; style_button=&#8221;creative&#8221; text=&#8221;Sistemi costruttivi a secco e sistemi integrati di finiture di interni con sede a Roma.&#8221;]<\/div><\/div><\/div><\/div><div class=\"vc_row wpb_row vc_inner vc_row-fluid\"><div class=\"wpb_column vc_column_container vc_col-sm-2\"><div class=\"vc_column-inner\"><div class=\"wpb_wrapper\"><\/div><\/div><\/div><div class=\"wpb_column vc_column_container vc_col-sm-4\"><div class=\"vc_column-inner\"><div class=\"wpb_wrapper\">[vc_services services_style=&#8221;modern&#8221; logo=&#8221;3042&#8243; button=&#8221;url:mailto%3Apreventivisign%40coiver.it|title:Contattaci&#8221; style_button=&#8221;creative&#8221; text=&#8221;Wayfinding, segnaletica e insegne, arredi, tinteggiature e cappotti di facciata.&#8221;]<\/div><\/div><\/div><div class=\"wpb_column vc_column_container vc_col-sm-4\"><div class=\"vc_column-inner\"><div class=\"wpb_wrapper\">[vc_services services_style=&#8221;modern&#8221; logo=&#8221;3044&#8243; button=&#8221;url:mailto%3Apreventivicladding%40coiver.it|title:Contattaci&#8221; style_button=&#8221;creative&#8221; text=&#8221;Facciate continue e ventilate, serramenti, coperture e rivestimenti.&#8221;]<\/div><\/div><\/div><div class=\"wpb_column vc_column_container vc_col-sm-2\"><div class=\"vc_column-inner\"><div class=\"wpb_wrapper\"><\/div><\/div><\/div><\/div>[\/vc_wrapper]<\/div><\/div><\/div><\/div><div class=\"vc_row-full-width vc_clearfix\"><\/div><div class=\"vc_row wpb_row vc_row-fluid  margin-lg-80t margin-xs-50t margin-xs-50b\"><div class=\"wpb_column vc_column_container vc_col-sm-12 \"><div class=\"vc_column-inner \"><div class=\"wpb_wrapper\">[vc_headings title=&#8221;Real Estate&#8221; heading_size=&#8221;h2&#8243; subtitle=&#8221;CLIENTI&#8221; align=&#8221;Center&#8221;][\/vc_headings]\n\t<div  class=\"wpb_single_image wpb_content_element vc_align_left   loghi\">\n\t\t\n\t\t<figure class=\"wpb_wrapper vc_figure\">\n\t\t\t<div class=\"vc_single_image-wrapper   vc_box_border_grey\"><img loading=\"lazy\" decoding=\"async\" width=\"1710\" height=\"514\" src=\"https:\/\/coivergroup.it\/wp-content\/uploads\/2024\/07\/Real-Estate.png\" class=\"vc_single_image-img attachment-full\" alt=\"\" title=\"Real Estate\" data-lazy-src=\"https:\/\/coivergroup.it\/wp-content\/uploads\/2024\/07\/Real-Estate.png\" \/><\/div>\n\t\t<\/figure>\n\t<\/div>\n<\/div><\/div><\/div><\/div><div class=\"vc_row wpb_row vc_row-fluid  margin-xs-50t margin-xs-50b\"><div class=\"wpb_column vc_column_container vc_col-sm-12 \"><div class=\"vc_column-inner \"><div class=\"wpb_wrapper\">[vc_headings title=&#8221;End users&#8221; heading_size=&#8221;h2&#8243; align=&#8221;Center&#8221;][\/vc_headings]\n\t<div  class=\"wpb_single_image wpb_content_element vc_align_left   loghi\">\n\t\t\n\t\t<figure class=\"wpb_wrapper vc_figure\">\n\t\t\t<div class=\"vc_single_image-wrapper   vc_box_border_grey\"><img loading=\"lazy\" decoding=\"async\" width=\"1600\" height=\"1080\" src=\"https:\/\/coivergroup.it\/wp-content\/uploads\/2023\/10\/End-Users.jpg\" class=\"vc_single_image-img attachment-full\" alt=\"\" title=\"COIVER CONTRACT\/CENTRO_Portfolio NEW - 176\" data-lazy-src=\"https:\/\/coivergroup.it\/wp-content\/uploads\/2023\/10\/End-Users.jpg\" \/><\/div>\n\t\t<\/figure>\n\t<\/div>\n<\/div><\/div><\/div><\/div><div class=\"vc_row wpb_row vc_row-fluid  margin-xs-50t margin-xs-50b\"><div class=\"wpb_column vc_column_container vc_col-sm-12 \"><div class=\"vc_column-inner \"><div class=\"wpb_wrapper\">[vc_headings title=&#8221;Hotel Spa &amp; Resort&#8221; heading_size=&#8221;h2&#8243; align=&#8221;Center&#8221;][\/vc_headings]\n\t<div  class=\"wpb_single_image wpb_content_element vc_align_left   loghi\">\n\t\t\n\t\t<figure class=\"wpb_wrapper vc_figure\">\n\t\t\t<div class=\"vc_single_image-wrapper   vc_box_border_grey\"><img loading=\"lazy\" decoding=\"async\" width=\"1782\" height=\"417\" src=\"https:\/\/coivergroup.it\/wp-content\/uploads\/2024\/07\/Hotel.png\" class=\"vc_single_image-img attachment-full\" alt=\"\" title=\"Hotel\" data-lazy-src=\"https:\/\/coivergroup.it\/wp-content\/uploads\/2024\/07\/Hotel.png\" \/><\/div>\n\t\t<\/figure>\n\t<\/div>\n<\/div><\/div><\/div><\/div><div class=\"vc_row wpb_row vc_row-fluid  margin-lg-100b margin-xs-50t margin-xs-50b\"><div class=\"wpb_column vc_column_container vc_col-sm-12 \"><div class=\"vc_column-inner \"><div class=\"wpb_wrapper\">[vc_headings title=&#8221;Centri commerciali&#8221; heading_size=&#8221;h2&#8243; align=&#8221;Center&#8221;][\/vc_headings]\n\t<div  class=\"wpb_single_image wpb_content_element vc_align_left   loghi\">\n\t\t\n\t\t<figure class=\"wpb_wrapper vc_figure\">\n\t\t\t<div class=\"vc_single_image-wrapper   vc_box_border_grey\"><img loading=\"lazy\" decoding=\"async\" width=\"1792\" height=\"694\" src=\"https:\/\/coivergroup.it\/wp-content\/uploads\/2024\/07\/COIVER-GROUP_General-Contracting-Portfolio.png\" class=\"vc_single_image-img attachment-full\" alt=\"\" title=\"COIVER GROUP_General Contracting Portfolio\" data-lazy-src=\"https:\/\/coivergroup.it\/wp-content\/uploads\/2024\/07\/COIVER-GROUP_General-Contracting-Portfolio.png\" \/><\/div>\n\t\t<\/figure>\n\t<\/div>\n<\/div><\/div><\/div><\/div>\n<\/section>","protected":false},"excerpt":{"rendered":"[vc_banner_title color_style=\"light\" subtitle=\"LEADER\" title=\"Valori di famiglia, organizzazione, solidit\u00e0 economica e competenza tecnica\" img=\"4078\" enable_overlay=\"true\" enable_fullheight=\"true\" columns=\"%5B%7B%7D%5D\"][\/vc_banner_title][vc_headings title=\"Costruire (nel presente) con","protected":false},"author":1,"featured_media":0,"parent":0,"menu_order":0,"comment_status":"closed","ping_status":"closed","template":"","meta":{"footnotes":""},"class_list":["post-4629","page","type-page","status-publish","format-standard","hentry"],"_links":{"self":[{"href":"https:\/\/coivergroup.it\/en\/wp-json\/wp\/v2\/pages\/4629","targetHints":{"allow":["GET"]}}],"collection":[{"href":"https:\/\/coivergroup.it\/en\/wp-json\/wp\/v2\/pages"}],"about":[{"href":"https:\/\/coivergroup.it\/en\/wp-json\/wp\/v2\/types\/page"}],"author":[{"embeddable":true,"href":"https:\/\/coivergroup.it\/en\/wp-json\/wp\/v2\/users\/1"}],"replies":[{"embeddable":true,"href":"https:\/\/coivergroup.it\/en\/wp-json\/wp\/v2\/comments?post=4629"}],"version-history":[{"count":176,"href":"https:\/\/coivergroup.it\/en\/wp-json\/wp\/v2\/pages\/4629\/revisions"}],"predecessor-version":[{"id":6628,"href":"https:\/\/coivergroup.it\/en\/wp-json\/wp\/v2\/pages\/4629\/revisions\/6628"}],"wp:attachment":[{"href":"https:\/\/coivergroup.it\/en\/wp-json\/wp\/v2\/media?parent=4629"}],"curies":[{"name":"wp","href":"https:\/\/api.w.org\/{rel}","templated":true}]}}